{"id":2979,"date":"2021-05-06T12:28:27","date_gmt":"2021-05-06T12:28:27","guid":{"rendered":"https:\/\/etnowerk.com\/?post_type=product&#038;p=2979"},"modified":"2021-05-25T14:01:36","modified_gmt":"2021-05-25T14:01:36","slug":"grey-wool-hoodie-with-ethnographic-pattern-size-xl-2","status":"publish","type":"product","link":"https:\/\/etnowerk.com\/en\/toode\/grey-wool-hoodie-with-ethnographic-pattern-size-xl-2\/","title":{"rendered":"Grey wool hoodie with ethnographic pattern, size XL"},"content":{"rendered":"<div class=\"wpb-content-wrapper\"><p>[vc_row][vc_column width=&#8221;5\/6&#8243; offset=&#8221;vc_col-lg-offset-1 vc_col-md-offset-1&#8243;][vc_row_inner][vc_column_inner width=&#8221;1\/2&#8243;][vc_custom_heading text=&#8221;Material&#8221; use_theme_fonts=&#8221;yes&#8221; css=&#8221;.vc_custom_1596014910517{margin-top: 0px !important;margin-right: 0px !important;margin-bottom: 40px !important;margin-left: 0px !important;}&#8221;][vc_column_text css=&#8221;.vc_custom_1619769410577{margin-right: 0px !important;margin-bottom: 100px !important;margin-left: 0px !important;}&#8221;]Lambavillasest l\u00f5ngast kootud mantel on seljas kerge, mugav ja soe. Mustriline kude aitab h\u00e4sti vormi hoida ning j\u00e4lgib kandja figuuri. Lukuga mantlil on kapuuts ja sisset\u00f6\u00f6deldud taskud. Mantli rinna\u00fcmberm\u00f5\u00f5t on 117 cm ja pikkus 100 cm.<\/p>\n<p>Etnowerki kudumid on valmistatud j\u00e4tkusuutlikult: need on l\u00f5ikesse kootud ning kasutatud on naturaalseid materjale (v\u00e4lispind 100% lambavillane l\u00f5ng 100 %, vooder 92% siid ja 8 % elastaan, katteriided 100 % puuvillane).[\/vc_column_text][\/vc_column_inner][vc_column_inner width=&#8221;1\/2&#8243;][vc_custom_heading text=&#8221;Hooldus&#8221; use_theme_fonts=&#8221;yes&#8221; css=&#8221;.vc_custom_1596014903133{margin-right: 90px !important;margin-bottom: 40px !important;margin-left: 60px !important;}&#8221;][vc_column_text css=&#8221;.vc_custom_1594033962889{margin-right: 90px !important;margin-left: 60px !important;}&#8221;]Knitwear likes the open air. After you\u2019ve been wearing it for a while, take your knitted item outside on a hanger for some time (an hour should be enough), bring it back inside and let it dry entirely. Do not let it have a nice suntan, though. After that it feels like a new one. In case your knitwear needs a good cleaning, take it to the dry cleaners.[\/vc_column_text][\/vc_column_inner][\/vc_row_inner][vc_custom_heading text=&#8221;Tarne ja kauba \u00fcleandmine&#8221; use_theme_fonts=&#8221;yes&#8221; css=&#8221;.vc_custom_1596014949147{margin-bottom: 40px !important;}&#8221;][vc_column_text]Keskmine tellimuse t\u00e4itmise aeg (kui kaup on laos olemas) on 2-5 p\u00e4eva jooksul. Juhul, kui kaup on laos l\u00f5ppenud v\u00f5i kui kudum on vaja tellimuse peale valmistada, siis on tarneaeg olenevalt tootest 4-8 n\u00e4dalat.<br \/>\nKaupa on v\u00f5imalik k\u00e4tte saada kahel viisil:<br \/>\n\u2022 Omniva<br \/>\n\u2022 Itella SmartPOST<\/p>\n<p><strong>Kauba tagastamine:<\/strong><br \/>\nOstjal on \u00f5igus kaup mittesobivuse korral tagastada 14 p\u00e4eva jooksul, eeldusel, et kudumit ei ole kantud. Eelnevalt palume tagastamise soovist meile teada anda e-maili aadressil: info@etnowerk.com. Kirjas peavad olema \u00e4ra toodud tagastatav kaup koos tellimuse numbriga ning tagastamise p\u00f5hjus. Samuti lisage kirja l\u00f5ppu kontaktandmed: ees- ja perekonnanimi ning konto number, kuhu tagastamisele kuuluva toote summa kantakse. Tagastatud kauba eest tasub O\u00dc Sing Sale Pro hiljemalt 14 p\u00e4eva jooksul, alates hetkest, mile klient on edastanud veebipoele tagastamisavalduse, tingimusel, et tagastatav toode ise j\u00f5uab veebipoeni selle aja (st 14 p\u00e4eva) jooksul.[\/vc_column_text][\/vc_column][\/vc_row]<\/p>\n<\/div>","protected":false},"excerpt":{"rendered":"<p>Designer Liina Laaneoja: &#8220;Wool coat is inspired by ethnographic patterns. Comfortable to wear, outside or inside.&#8221; Handmade in Estonia.<\/p>\n<p>Wind-proof hoodie has zipper and sewn in pockets. Hoodie can be worn like coat or like cardigan. Coat&#8217; s chest circumference is 117 cm and length 100 cm.<\/p>\n","protected":false},"featured_media":1939,"template":"","meta":{"_acf_changed":false},"product_brand":[],"product_cat":[143],"product_tag":[55],"class_list":{"0":"post-2979","1":"product","2":"type-product","3":"status-publish","4":"has-post-thumbnail","6":"product_cat-w-overcoat","7":"product_tag-women","9":"first","10":"instock","11":"taxable","12":"shipping-taxable","13":"purchasable","14":"product-type-simple"},"acf":[],"yoast_head":"<!-- This site is optimized with the Yoast SEO plugin v27.5 - https:\/\/yoast.com\/product\/yoast-seo-wordpress\/ -->\n<title>Grey wool hoodie with ethnographic pattern, size XL - Etnowerk<\/title>\n<meta name=\"robots\" content=\"index, follow, max-snippet:-1, max-image-preview:large, max-video-preview:-1\" \/>\n<link rel=\"canonical\" href=\"https:\/\/etnowerk.com\/en\/toode\/grey-wool-hoodie-with-ethnographic-pattern-size-xl-2\/\" \/>\n<meta property=\"og:locale\" content=\"en_US\" \/>\n<meta property=\"og:type\" content=\"article\" \/>\n<meta property=\"og:title\" content=\"Grey wool hoodie with ethnographic pattern, size XL - Etnowerk\" \/>\n<meta property=\"og:description\" content=\"Designer Liina Laaneoja: &quot;Wool coat is inspired by ethnographic patterns. Comfortable to wear, outside or inside.&quot; Handmade in Estonia.  Wind-proof hoodie has zipper and sewn in pockets. Hoodie can be worn like coat or like cardigan. Coat&#039; s chest circumference is 117 cm and length 100 cm.\" \/>\n<meta property=\"og:url\" content=\"https:\/\/etnowerk.com\/en\/toode\/grey-wool-hoodie-with-ethnographic-pattern-size-xl-2\/\" \/>\n<meta property=\"og:site_name\" content=\"Etnowerk\" \/>\n<meta property=\"article:modified_time\" content=\"2021-05-25T14:01:36+00:00\" \/>\n<meta property=\"og:image\" content=\"https:\/\/etnowerk.com\/wp-content\/uploads\/2020\/06\/etno2.-7.jpg\" \/>\n\t<meta property=\"og:image:width\" content=\"844\" \/>\n\t<meta property=\"og:image:height\" content=\"1181\" \/>\n\t<meta property=\"og:image:type\" content=\"image\/jpeg\" \/>\n<meta name=\"twitter:card\" content=\"summary_large_image\" \/>\n<meta name=\"twitter:label1\" content=\"Est. reading time\" \/>\n\t<meta name=\"twitter:data1\" content=\"2 minutes\" \/>\n<script type=\"application\/ld+json\" class=\"yoast-schema-graph\">{\"@context\":\"https:\\\/\\\/schema.org\",\"@graph\":[{\"@type\":\"WebPage\",\"@id\":\"https:\\\/\\\/etnowerk.com\\\/en\\\/toode\\\/grey-wool-hoodie-with-ethnographic-pattern-size-xl-2\\\/\",\"url\":\"https:\\\/\\\/etnowerk.com\\\/en\\\/toode\\\/grey-wool-hoodie-with-ethnographic-pattern-size-xl-2\\\/\",\"name\":\"Grey wool hoodie with ethnographic pattern, size XL - Etnowerk\",\"isPartOf\":{\"@id\":\"https:\\\/\\\/etnowerk.com\\\/#website\"},\"primaryImageOfPage\":{\"@id\":\"https:\\\/\\\/etnowerk.com\\\/en\\\/toode\\\/grey-wool-hoodie-with-ethnographic-pattern-size-xl-2\\\/#primaryimage\"},\"image\":{\"@id\":\"https:\\\/\\\/etnowerk.com\\\/en\\\/toode\\\/grey-wool-hoodie-with-ethnographic-pattern-size-xl-2\\\/#primaryimage\"},\"thumbnailUrl\":\"https:\\\/\\\/etnowerk.com\\\/wp-content\\\/uploads\\\/2020\\\/06\\\/etno2.-7.jpg\",\"datePublished\":\"2021-05-06T12:28:27+00:00\",\"dateModified\":\"2021-05-25T14:01:36+00:00\",\"breadcrumb\":{\"@id\":\"https:\\\/\\\/etnowerk.com\\\/en\\\/toode\\\/grey-wool-hoodie-with-ethnographic-pattern-size-xl-2\\\/#breadcrumb\"},\"inLanguage\":\"en-US\",\"potentialAction\":[{\"@type\":\"ReadAction\",\"target\":[\"https:\\\/\\\/etnowerk.com\\\/en\\\/toode\\\/grey-wool-hoodie-with-ethnographic-pattern-size-xl-2\\\/\"]}]},{\"@type\":\"ImageObject\",\"inLanguage\":\"en-US\",\"@id\":\"https:\\\/\\\/etnowerk.com\\\/en\\\/toode\\\/grey-wool-hoodie-with-ethnographic-pattern-size-xl-2\\\/#primaryimage\",\"url\":\"https:\\\/\\\/etnowerk.com\\\/wp-content\\\/uploads\\\/2020\\\/06\\\/etno2.-7.jpg\",\"contentUrl\":\"https:\\\/\\\/etnowerk.com\\\/wp-content\\\/uploads\\\/2020\\\/06\\\/etno2.-7.jpg\",\"width\":844,\"height\":1181},{\"@type\":\"BreadcrumbList\",\"@id\":\"https:\\\/\\\/etnowerk.com\\\/en\\\/toode\\\/grey-wool-hoodie-with-ethnographic-pattern-size-xl-2\\\/#breadcrumb\",\"itemListElement\":[{\"@type\":\"ListItem\",\"position\":1,\"name\":\"Home\",\"item\":\"https:\\\/\\\/etnowerk.com\\\/en\\\/\"},{\"@type\":\"ListItem\",\"position\":2,\"name\":\"Shop\",\"item\":\"https:\\\/\\\/etnowerk.com\\\/en\\\/shop\\\/\"},{\"@type\":\"ListItem\",\"position\":3,\"name\":\"Grey wool hoodie with ethnographic pattern, size XL\"}]},{\"@type\":\"WebSite\",\"@id\":\"https:\\\/\\\/etnowerk.com\\\/#website\",\"url\":\"https:\\\/\\\/etnowerk.com\\\/\",\"name\":\"Etnowerk\",\"description\":\"J&auml;rgmine WordPress veebileht\",\"potentialAction\":[{\"@type\":\"SearchAction\",\"target\":{\"@type\":\"EntryPoint\",\"urlTemplate\":\"https:\\\/\\\/etnowerk.com\\\/?s={search_term_string}\"},\"query-input\":{\"@type\":\"PropertyValueSpecification\",\"valueRequired\":true,\"valueName\":\"search_term_string\"}}],\"inLanguage\":\"en-US\"}]}<\/script>\n<!-- \/ Yoast SEO plugin. -->","yoast_head_json":{"title":"Grey wool hoodie with ethnographic pattern, size XL - Etnowerk","robots":{"index":"index","follow":"follow","max-snippet":"max-snippet:-1","max-image-preview":"max-image-preview:large","max-video-preview":"max-video-preview:-1"},"canonical":"https:\/\/etnowerk.com\/en\/toode\/grey-wool-hoodie-with-ethnographic-pattern-size-xl-2\/","og_locale":"en_US","og_type":"article","og_title":"Grey wool hoodie with ethnographic pattern, size XL - Etnowerk","og_description":"Designer Liina Laaneoja: \"Wool coat is inspired by ethnographic patterns. Comfortable to wear, outside or inside.\" Handmade in Estonia.  Wind-proof hoodie has zipper and sewn in pockets. Hoodie can be worn like coat or like cardigan. Coat' s chest circumference is 117 cm and length 100 cm.","og_url":"https:\/\/etnowerk.com\/en\/toode\/grey-wool-hoodie-with-ethnographic-pattern-size-xl-2\/","og_site_name":"Etnowerk","article_modified_time":"2021-05-25T14:01:36+00:00","og_image":[{"width":844,"height":1181,"url":"https:\/\/etnowerk.com\/wp-content\/uploads\/2020\/06\/etno2.-7.jpg","type":"image\/jpeg"}],"twitter_card":"summary_large_image","twitter_misc":{"Est. reading time":"2 minutes"},"schema":{"@context":"https:\/\/schema.org","@graph":[{"@type":"WebPage","@id":"https:\/\/etnowerk.com\/en\/toode\/grey-wool-hoodie-with-ethnographic-pattern-size-xl-2\/","url":"https:\/\/etnowerk.com\/en\/toode\/grey-wool-hoodie-with-ethnographic-pattern-size-xl-2\/","name":"Grey wool hoodie with ethnographic pattern, size XL - Etnowerk","isPartOf":{"@id":"https:\/\/etnowerk.com\/#website"},"primaryImageOfPage":{"@id":"https:\/\/etnowerk.com\/en\/toode\/grey-wool-hoodie-with-ethnographic-pattern-size-xl-2\/#primaryimage"},"image":{"@id":"https:\/\/etnowerk.com\/en\/toode\/grey-wool-hoodie-with-ethnographic-pattern-size-xl-2\/#primaryimage"},"thumbnailUrl":"https:\/\/etnowerk.com\/wp-content\/uploads\/2020\/06\/etno2.-7.jpg","datePublished":"2021-05-06T12:28:27+00:00","dateModified":"2021-05-25T14:01:36+00:00","breadcrumb":{"@id":"https:\/\/etnowerk.com\/en\/toode\/grey-wool-hoodie-with-ethnographic-pattern-size-xl-2\/#breadcrumb"},"inLanguage":"en-US","potentialAction":[{"@type":"ReadAction","target":["https:\/\/etnowerk.com\/en\/toode\/grey-wool-hoodie-with-ethnographic-pattern-size-xl-2\/"]}]},{"@type":"ImageObject","inLanguage":"en-US","@id":"https:\/\/etnowerk.com\/en\/toode\/grey-wool-hoodie-with-ethnographic-pattern-size-xl-2\/#primaryimage","url":"https:\/\/etnowerk.com\/wp-content\/uploads\/2020\/06\/etno2.-7.jpg","contentUrl":"https:\/\/etnowerk.com\/wp-content\/uploads\/2020\/06\/etno2.-7.jpg","width":844,"height":1181},{"@type":"BreadcrumbList","@id":"https:\/\/etnowerk.com\/en\/toode\/grey-wool-hoodie-with-ethnographic-pattern-size-xl-2\/#breadcrumb","itemListElement":[{"@type":"ListItem","position":1,"name":"Home","item":"https:\/\/etnowerk.com\/en\/"},{"@type":"ListItem","position":2,"name":"Shop","item":"https:\/\/etnowerk.com\/en\/shop\/"},{"@type":"ListItem","position":3,"name":"Grey wool hoodie with ethnographic pattern, size XL"}]},{"@type":"WebSite","@id":"https:\/\/etnowerk.com\/#website","url":"https:\/\/etnowerk.com\/","name":"Etnowerk","description":"J&auml;rgmine WordPress veebileht","potentialAction":[{"@type":"SearchAction","target":{"@type":"EntryPoint","urlTemplate":"https:\/\/etnowerk.com\/?s={search_term_string}"},"query-input":{"@type":"PropertyValueSpecification","valueRequired":true,"valueName":"search_term_string"}}],"inLanguage":"en-US"}]}},"_links":{"self":[{"href":"https:\/\/etnowerk.com\/en\/wp-json\/wp\/v2\/product\/2979","targetHints":{"allow":["GET"]}}],"collection":[{"href":"https:\/\/etnowerk.com\/en\/wp-json\/wp\/v2\/product"}],"about":[{"href":"https:\/\/etnowerk.com\/en\/wp-json\/wp\/v2\/types\/product"}],"wp:featuredmedia":[{"embeddable":true,"href":"https:\/\/etnowerk.com\/en\/wp-json\/wp\/v2\/media\/1939"}],"wp:attachment":[{"href":"https:\/\/etnowerk.com\/en\/wp-json\/wp\/v2\/media?parent=2979"}],"wp:term":[{"taxonomy":"product_brand","embeddable":true,"href":"https:\/\/etnowerk.com\/en\/wp-json\/wp\/v2\/product_brand?post=2979"},{"taxonomy":"product_cat","embeddable":true,"href":"https:\/\/etnowerk.com\/en\/wp-json\/wp\/v2\/product_cat?post=2979"},{"taxonomy":"product_tag","embeddable":true,"href":"https:\/\/etnowerk.com\/en\/wp-json\/wp\/v2\/product_tag?post=2979"}],"curies":[{"name":"wp","href":"https:\/\/api.w.org\/{rel}","templated":true}]}}