{"id":3146,"date":"2021-11-10T14:55:43","date_gmt":"2021-11-10T14:55:43","guid":{"rendered":"https:\/\/etnowerk.com\/?post_type=product&#038;p=3146"},"modified":"2023-01-19T08:22:25","modified_gmt":"2023-01-19T08:22:25","slug":"villane-valge-tikitud-jakk-siidvoodril-tellimisel","status":"publish","type":"product","link":"https:\/\/etnowerk.com\/en\/toode\/villane-valge-tikitud-jakk-siidvoodril-tellimisel\/","title":{"rendered":"Villane valge tikitud jakk siidvoodril, tellimisel"},"content":{"rendered":"<div class=\"wpb-content-wrapper\"><p>[vc_row][vc_column width=&#8221;5\/6&#8243; offset=&#8221;vc_col-lg-offset-1 vc_col-md-offset-1&#8243;][vc_row_inner][vc_column_inner width=&#8221;1\/2&#8243;][vc_custom_heading text=&#8221;Materjal&#8221; use_theme_fonts=&#8221;yes&#8221; css=&#8221;.vc_custom_1596014910517{margin-top: 0px !important;margin-right: 0px !important;margin-bottom: 40px !important;margin-left: 0px !important;}&#8221;][vc_column_text css=&#8221;.vc_custom_1636555882471{margin-right: 0px !important;margin-bottom: 100px !important;margin-left: 0px !important;}&#8221;]Lambavillasest l\u00f5ngast kootud jakk on seljas kerge, mugav ja soe. Jakil on Muhu vanemast tikandist inspireeritud k\u00e4sitsi tikitud tikand, mis on kaunistatud swarovski kristallidega. Samuti on tikand selja \u00fclaosal. Tikand koosneb stiliseeritud lilledest, lindudest ja\u00a0 loomadest. Jakil on kangaga kaetud n\u00f6\u00f6bid ja n\u00f6\u00f6paugud. Jakil on sisset\u00f6\u00f6deldud tasku ja jakk on\u00a0 on siidvoodril.<\/p>\n<p>Etnowerki kudumid on valmistatud j\u00e4tkusuutlikult: need on l\u00f5ikesse kootud ning kasutatud on naturaalseid materjale (v\u00e4lispind 100% lambavillane l\u00f5ng 100 %, vooder 92% siid ja 8 % elastaan, katteriided 100 % puuvillane).[\/vc_column_text][\/vc_column_inner][vc_column_inner width=&#8221;1\/2&#8243;][vc_custom_heading text=&#8221;Hooldus&#8221; use_theme_fonts=&#8221;yes&#8221; css=&#8221;.vc_custom_1596014903133{margin-right: 90px !important;margin-bottom: 40px !important;margin-left: 60px !important;}&#8221;][vc_column_text css=&#8221;.vc_custom_1594033962889{margin-right: 90px !important;margin-left: 60px !important;}&#8221;]Esmane hooldus on tuulutamine. Selleks riputage kudum riidepuuga niiske ilmaga \u00f5ue (p\u00e4ikese eest varjatud kohta) ja tooge tunni aja p\u00e4rast tuppa tagasi. Laske kudumil t\u00e4iesti \u00e4ra kuivada ja kandke nagu uut. P\u00f5hjalikuma puhastuse jaoks viige see kindlasti keemilisse puhastusse.[\/vc_column_text][\/vc_column_inner][\/vc_row_inner][vc_custom_heading text=&#8221;Tarne ja kauba \u00fcleandmine&#8221; use_theme_fonts=&#8221;yes&#8221; css=&#8221;.vc_custom_1596014949147{margin-bottom: 40px !important;}&#8221;][vc_column_text]Keskmine tellimuse t\u00e4itmise aeg (kui kaup on laos olemas) on 2-5 p\u00e4eva jooksul. Juhul, kui kaup on laos l\u00f5ppenud v\u00f5i kui kudum on vaja tellimuse peale valmistada, siis on tarneaeg olenevalt tootest 4-8 n\u00e4dalat.<br \/>\nKaupa on v\u00f5imalik k\u00e4tte saada kahel viisil:<br \/>\n\u2022 Omniva<br \/>\n\u2022 Itella SmartPOST<\/p>\n<p><strong>Kauba tagastamine:<\/strong><br \/>\nOstjal on \u00f5igus kaup mittesobivuse korral tagastada 14 p\u00e4eva jooksul, eeldusel, et kudumit ei ole kantud. Eelnevalt palume tagastamise soovist meile teada anda e-maili aadressil: info@etnowerk.com. Kirjas peavad olema \u00e4ra toodud tagastatav kaup koos tellimuse numbriga ning tagastamise p\u00f5hjus. Samuti lisage kirja l\u00f5ppu kontaktandmed: ees- ja perekonnanimi ning konto number, kuhu tagastamisele kuuluva toote summa kantakse. Tagastatud kauba eest tasub O\u00dc Sing Sale Pro hiljemalt 30 p\u00e4eva jooksul peale kauba meiepoolset kontrollimist.[\/vc_column_text][\/vc_column][\/vc_row]<\/p>\n<\/div>","protected":false},"excerpt":{"rendered":"<p>Kollektsiooni autor Annika Vaalma: &#8220;Kollektsioon &#8220;MOON [mo:n]&#8221;on inspireeritud Muhu vanemast lilltikandist, mida nimetatakse lankimiseks ehk pikkade h\u00f5redate pistetega tikkimiseks. Lilled, loomad ja linnud on vanas lilltikandis omap\u00e4raselt ja kahem\u00f5\u00f5tmeliselt kirja pandud, mis teeb selle tikandi omap\u00e4raseks, huvitavaks ja isegi m\u00fcstiliseks. K\u00f5ik esemed kannavad erinevat s\u00f5numit ja energiat, kandja on ainuke \u00fclesanne oma kudum \u00e4ra tunda&#8221;.<\/p>\n<p>Kollektsioon osales 2021. aastal L\u00f5una &#8211; Eesti suurimal moeshow Estonian Fashion Festval Oma Mood etendusel.<\/p>\n<p>Toode valmib tellimuse peale vastavalt teie m\u00f5\u00f5tudele. V\u00f5tame teiega \u00fchendust 24 tunni jooksul p\u00e4rast ostu sooritamist.<\/p>\n<p>Kudum on valminud k\u00e4sit\u00f6\u00f6na Eestis.<\/p>\n","protected":false},"featured_media":3147,"template":"","meta":{"_acf_changed":false},"product_brand":[],"product_cat":[157,140,138],"product_tag":[],"class_list":{"0":"post-3146","1":"product","2":"type-product","3":"status-publish","4":"has-post-thumbnail","6":"product_cat-moon","7":"product_cat-kollektsioonid","8":"product_cat-n-jakid","10":"first","11":"instock","12":"taxable","13":"shipping-taxable","14":"purchasable","15":"product-type-simple"},"acf":[],"yoast_head":"<!-- This site is optimized with the Yoast SEO plugin v27.3 - https:\/\/yoast.com\/product\/yoast-seo-wordpress\/ -->\n<title>Villane valge tikitud jakk siidvoodril, tellimisel - Etnowerk<\/title>\n<meta name=\"robots\" content=\"index, follow, max-snippet:-1, max-image-preview:large, max-video-preview:-1\" \/>\n<link rel=\"canonical\" href=\"https:\/\/etnowerk.com\/toode\/villane-valge-tikitud-jakk-siidvoodril-tellimisel\/\" \/>\n<meta property=\"og:locale\" content=\"en_US\" \/>\n<meta property=\"og:type\" content=\"article\" \/>\n<meta property=\"og:title\" content=\"Villane valge tikitud jakk siidvoodril, tellimisel - Etnowerk\" \/>\n<meta property=\"og:description\" content=\"Kollektsiooni autor Annika Vaalma: &quot;Kollektsioon &quot;MOON [mo:n]&quot;on inspireeritud Muhu vanemast lilltikandist, mida nimetatakse lankimiseks ehk pikkade h\u00f5redate pistetega tikkimiseks. Lilled, loomad ja linnud on vanas lilltikandis omap\u00e4raselt ja kahem\u00f5\u00f5tmeliselt kirja pandud, mis teeb selle tikandi omap\u00e4raseks, huvitavaks ja isegi m\u00fcstiliseks. K\u00f5ik esemed kannavad erinevat s\u00f5numit ja energiat, kandja on ainuke \u00fclesanne oma kudum \u00e4ra tunda&quot;.  Kollektsioon osales 2021. aastal L\u00f5una - Eesti suurimal moeshow Estonian Fashion Festval Oma Mood etendusel.  Toode valmib tellimuse peale vastavalt teie m\u00f5\u00f5tudele. V\u00f5tame teiega \u00fchendust 24 tunni jooksul p\u00e4rast ostu sooritamist.  Kudum on valminud k\u00e4sit\u00f6\u00f6na Eestis.\" \/>\n<meta property=\"og:url\" content=\"https:\/\/etnowerk.com\/toode\/villane-valge-tikitud-jakk-siidvoodril-tellimisel\/\" \/>\n<meta property=\"og:site_name\" content=\"Etnowerk\" \/>\n<meta property=\"article:modified_time\" content=\"2023-01-19T08:22:25+00:00\" \/>\n<meta property=\"og:image\" content=\"https:\/\/etnowerk.com\/wp-content\/uploads\/2021\/11\/IMG_2756-scaled.jpg\" \/>\n\t<meta property=\"og:image:width\" content=\"1707\" \/>\n\t<meta property=\"og:image:height\" content=\"2560\" \/>\n\t<meta property=\"og:image:type\" content=\"image\/jpeg\" \/>\n<meta name=\"twitter:card\" content=\"summary_large_image\" \/>\n<meta name=\"twitter:label1\" content=\"Est. reading time\" \/>\n\t<meta name=\"twitter:data1\" content=\"2 minutes\" \/>\n<script type=\"application\/ld+json\" class=\"yoast-schema-graph\">{\"@context\":\"https:\\\/\\\/schema.org\",\"@graph\":[{\"@type\":\"WebPage\",\"@id\":\"https:\\\/\\\/etnowerk.com\\\/toode\\\/villane-valge-tikitud-jakk-siidvoodril-tellimisel\\\/\",\"url\":\"https:\\\/\\\/etnowerk.com\\\/toode\\\/villane-valge-tikitud-jakk-siidvoodril-tellimisel\\\/\",\"name\":\"Villane valge tikitud jakk siidvoodril, tellimisel - Etnowerk\",\"isPartOf\":{\"@id\":\"https:\\\/\\\/etnowerk.com\\\/#website\"},\"primaryImageOfPage\":{\"@id\":\"https:\\\/\\\/etnowerk.com\\\/toode\\\/villane-valge-tikitud-jakk-siidvoodril-tellimisel\\\/#primaryimage\"},\"image\":{\"@id\":\"https:\\\/\\\/etnowerk.com\\\/toode\\\/villane-valge-tikitud-jakk-siidvoodril-tellimisel\\\/#primaryimage\"},\"thumbnailUrl\":\"https:\\\/\\\/etnowerk.com\\\/wp-content\\\/uploads\\\/2021\\\/11\\\/IMG_2756-scaled.jpg\",\"datePublished\":\"2021-11-10T14:55:43+00:00\",\"dateModified\":\"2023-01-19T08:22:25+00:00\",\"breadcrumb\":{\"@id\":\"https:\\\/\\\/etnowerk.com\\\/toode\\\/villane-valge-tikitud-jakk-siidvoodril-tellimisel\\\/#breadcrumb\"},\"inLanguage\":\"en-US\",\"potentialAction\":[{\"@type\":\"ReadAction\",\"target\":[\"https:\\\/\\\/etnowerk.com\\\/toode\\\/villane-valge-tikitud-jakk-siidvoodril-tellimisel\\\/\"]}]},{\"@type\":\"ImageObject\",\"inLanguage\":\"en-US\",\"@id\":\"https:\\\/\\\/etnowerk.com\\\/toode\\\/villane-valge-tikitud-jakk-siidvoodril-tellimisel\\\/#primaryimage\",\"url\":\"https:\\\/\\\/etnowerk.com\\\/wp-content\\\/uploads\\\/2021\\\/11\\\/IMG_2756-scaled.jpg\",\"contentUrl\":\"https:\\\/\\\/etnowerk.com\\\/wp-content\\\/uploads\\\/2021\\\/11\\\/IMG_2756-scaled.jpg\",\"width\":1707,\"height\":2560},{\"@type\":\"BreadcrumbList\",\"@id\":\"https:\\\/\\\/etnowerk.com\\\/toode\\\/villane-valge-tikitud-jakk-siidvoodril-tellimisel\\\/#breadcrumb\",\"itemListElement\":[{\"@type\":\"ListItem\",\"position\":1,\"name\":\"Home\",\"item\":\"https:\\\/\\\/etnowerk.com\\\/en\\\/\"},{\"@type\":\"ListItem\",\"position\":2,\"name\":\"Shop\",\"item\":\"https:\\\/\\\/etnowerk.com\\\/en\\\/shop\\\/\"},{\"@type\":\"ListItem\",\"position\":3,\"name\":\"Villane valge tikitud jakk siidvoodril, tellimisel\"}]},{\"@type\":\"WebSite\",\"@id\":\"https:\\\/\\\/etnowerk.com\\\/#website\",\"url\":\"https:\\\/\\\/etnowerk.com\\\/\",\"name\":\"Etnowerk\",\"description\":\"J&auml;rgmine WordPress veebileht\",\"potentialAction\":[{\"@type\":\"SearchAction\",\"target\":{\"@type\":\"EntryPoint\",\"urlTemplate\":\"https:\\\/\\\/etnowerk.com\\\/?s={search_term_string}\"},\"query-input\":{\"@type\":\"PropertyValueSpecification\",\"valueRequired\":true,\"valueName\":\"search_term_string\"}}],\"inLanguage\":\"en-US\"}]}<\/script>\n<!-- \/ Yoast SEO plugin. -->","yoast_head_json":{"title":"Villane valge tikitud jakk siidvoodril, tellimisel - Etnowerk","robots":{"index":"index","follow":"follow","max-snippet":"max-snippet:-1","max-image-preview":"max-image-preview:large","max-video-preview":"max-video-preview:-1"},"canonical":"https:\/\/etnowerk.com\/toode\/villane-valge-tikitud-jakk-siidvoodril-tellimisel\/","og_locale":"en_US","og_type":"article","og_title":"Villane valge tikitud jakk siidvoodril, tellimisel - Etnowerk","og_description":"Kollektsiooni autor Annika Vaalma: \"Kollektsioon \"MOON [mo:n]\"on inspireeritud Muhu vanemast lilltikandist, mida nimetatakse lankimiseks ehk pikkade h\u00f5redate pistetega tikkimiseks. Lilled, loomad ja linnud on vanas lilltikandis omap\u00e4raselt ja kahem\u00f5\u00f5tmeliselt kirja pandud, mis teeb selle tikandi omap\u00e4raseks, huvitavaks ja isegi m\u00fcstiliseks. K\u00f5ik esemed kannavad erinevat s\u00f5numit ja energiat, kandja on ainuke \u00fclesanne oma kudum \u00e4ra tunda\".  Kollektsioon osales 2021. aastal L\u00f5una - Eesti suurimal moeshow Estonian Fashion Festval Oma Mood etendusel.  Toode valmib tellimuse peale vastavalt teie m\u00f5\u00f5tudele. V\u00f5tame teiega \u00fchendust 24 tunni jooksul p\u00e4rast ostu sooritamist.  Kudum on valminud k\u00e4sit\u00f6\u00f6na Eestis.","og_url":"https:\/\/etnowerk.com\/toode\/villane-valge-tikitud-jakk-siidvoodril-tellimisel\/","og_site_name":"Etnowerk","article_modified_time":"2023-01-19T08:22:25+00:00","og_image":[{"width":1707,"height":2560,"url":"https:\/\/etnowerk.com\/wp-content\/uploads\/2021\/11\/IMG_2756-scaled.jpg","type":"image\/jpeg"}],"twitter_card":"summary_large_image","twitter_misc":{"Est. reading time":"2 minutes"},"schema":{"@context":"https:\/\/schema.org","@graph":[{"@type":"WebPage","@id":"https:\/\/etnowerk.com\/toode\/villane-valge-tikitud-jakk-siidvoodril-tellimisel\/","url":"https:\/\/etnowerk.com\/toode\/villane-valge-tikitud-jakk-siidvoodril-tellimisel\/","name":"Villane valge tikitud jakk siidvoodril, tellimisel - Etnowerk","isPartOf":{"@id":"https:\/\/etnowerk.com\/#website"},"primaryImageOfPage":{"@id":"https:\/\/etnowerk.com\/toode\/villane-valge-tikitud-jakk-siidvoodril-tellimisel\/#primaryimage"},"image":{"@id":"https:\/\/etnowerk.com\/toode\/villane-valge-tikitud-jakk-siidvoodril-tellimisel\/#primaryimage"},"thumbnailUrl":"https:\/\/etnowerk.com\/wp-content\/uploads\/2021\/11\/IMG_2756-scaled.jpg","datePublished":"2021-11-10T14:55:43+00:00","dateModified":"2023-01-19T08:22:25+00:00","breadcrumb":{"@id":"https:\/\/etnowerk.com\/toode\/villane-valge-tikitud-jakk-siidvoodril-tellimisel\/#breadcrumb"},"inLanguage":"en-US","potentialAction":[{"@type":"ReadAction","target":["https:\/\/etnowerk.com\/toode\/villane-valge-tikitud-jakk-siidvoodril-tellimisel\/"]}]},{"@type":"ImageObject","inLanguage":"en-US","@id":"https:\/\/etnowerk.com\/toode\/villane-valge-tikitud-jakk-siidvoodril-tellimisel\/#primaryimage","url":"https:\/\/etnowerk.com\/wp-content\/uploads\/2021\/11\/IMG_2756-scaled.jpg","contentUrl":"https:\/\/etnowerk.com\/wp-content\/uploads\/2021\/11\/IMG_2756-scaled.jpg","width":1707,"height":2560},{"@type":"BreadcrumbList","@id":"https:\/\/etnowerk.com\/toode\/villane-valge-tikitud-jakk-siidvoodril-tellimisel\/#breadcrumb","itemListElement":[{"@type":"ListItem","position":1,"name":"Home","item":"https:\/\/etnowerk.com\/en\/"},{"@type":"ListItem","position":2,"name":"Shop","item":"https:\/\/etnowerk.com\/en\/shop\/"},{"@type":"ListItem","position":3,"name":"Villane valge tikitud jakk siidvoodril, tellimisel"}]},{"@type":"WebSite","@id":"https:\/\/etnowerk.com\/#website","url":"https:\/\/etnowerk.com\/","name":"Etnowerk","description":"J&auml;rgmine WordPress veebileht","potentialAction":[{"@type":"SearchAction","target":{"@type":"EntryPoint","urlTemplate":"https:\/\/etnowerk.com\/?s={search_term_string}"},"query-input":{"@type":"PropertyValueSpecification","valueRequired":true,"valueName":"search_term_string"}}],"inLanguage":"en-US"}]}},"_links":{"self":[{"href":"https:\/\/etnowerk.com\/en\/wp-json\/wp\/v2\/product\/3146","targetHints":{"allow":["GET"]}}],"collection":[{"href":"https:\/\/etnowerk.com\/en\/wp-json\/wp\/v2\/product"}],"about":[{"href":"https:\/\/etnowerk.com\/en\/wp-json\/wp\/v2\/types\/product"}],"wp:featuredmedia":[{"embeddable":true,"href":"https:\/\/etnowerk.com\/en\/wp-json\/wp\/v2\/media\/3147"}],"wp:attachment":[{"href":"https:\/\/etnowerk.com\/en\/wp-json\/wp\/v2\/media?parent=3146"}],"wp:term":[{"taxonomy":"product_brand","embeddable":true,"href":"https:\/\/etnowerk.com\/en\/wp-json\/wp\/v2\/product_brand?post=3146"},{"taxonomy":"product_cat","embeddable":true,"href":"https:\/\/etnowerk.com\/en\/wp-json\/wp\/v2\/product_cat?post=3146"},{"taxonomy":"product_tag","embeddable":true,"href":"https:\/\/etnowerk.com\/en\/wp-json\/wp\/v2\/product_tag?post=3146"}],"curies":[{"name":"wp","href":"https:\/\/api.w.org\/{rel}","templated":true}]}}